{"id":80,"date":"2020-08-31T11:52:02","date_gmt":"2020-08-31T08:52:02","guid":{"rendered":"https:\/\/www.nilipektekstil.com\/?page_id=80"},"modified":"2021-09-29T15:29:38","modified_gmt":"2021-09-29T12:29:38","slug":"iletisim","status":"publish","type":"page","link":"https:\/\/www.nilipektekstil.com\/en\/iletisim\/","title":{"rendered":"Contact"},"content":{"rendered":"<div class=\"wpb-content-wrapper\"><div id=\"vc_row-69e25b20d2ac1\" class=\"vc_row wpb_row vc_row-fluid thegem-custom-69e25b20d2a842100\"><div class=\"wpb_column vc_column_container vc_col-sm-12 thegem-custom-69e25b20d2dc25573\" ><div class=\"vc_column-inner thegem-custom-inner-69e25b20d2dc3\"><div class=\"wpb_wrapper thegem-custom-69e25b20d2dc25573\"><\/div><\/div><\/div><\/div><div id=\"s01\" class=\"vc_row wpb_row vc_row-fluid vc_custom_1591352577232 thegem-custom-69e25b20d320c4740\"><div class=\"wpb_column vc_column_container vc_col-sm-12 thegem-custom-69e25b20d351f9797\" ><div class=\"vc_column-inner thegem-custom-inner-69e25b20d3521\"><div class=\"wpb_wrapper thegem-custom-69e25b20d351f9797\"><div class=\"vc_row wpb_row vc_inner vc_row-fluid thegem-custom-69e25b20d39158883 custom-inner-column-69e25b20d391d\" ><div class=\"wpb_column vc_column_container vc_col-sm-6 thegem-custom-69e25b20d3bd7571\"><div class=\"vc_column-inner thegem-custom-inner-69e25b20d3bd9\"><div class=\"wpb_wrapper thegem-custom-69e25b20d3bd7571\"><h3 style=\"color: #ddc187;text-align: left;font-family:Oswald;font-weight:400;font-style:normal\" class=\"vc_custom_heading\" >Company Information<\/h3>\r\n\t\r\n\t\t<div class=\"wpb_text_column wpb_content_element  thegem-vc-text thegem-custom-69e25b20d41501661\"  >\r\n\t\t\t<div class=\"wpb_wrapper\">\r\n\t\t\t\t<p>N\u0130L\u0130PEK FLOK TEKST\u0130L SANAY\u0130 T\u0130CARET A.\u015e.<\/p>\n<p>Address :Vatan Mh. 5. Vardar Sk. No:7\/1<br \/>\nBURSA \/ T\u00dcRK\u0130YE<\/p>\n<p>Y\u0131ld\u0131r\u0131m VD : 6311410933<br \/>\nTic. Sic. No : 107008<br \/>\nMersis No : 063114109330001<\/p>\n<p>Phone:+90 530 142 34 66<\/p>\n<p>E-Mail<br \/>\n<a href=\"mailto:info@nilipektekstil.com\">info@nilipektekstil.com<\/a><\/p>\n<p>&nbsp;<\/p>\n<p><img class=\"alignnone wp-image-86\" src=\"https:\/\/www.nilipektekstil.com\/wp-content\/uploads\/2020\/08\/nilipek01-300x169.jpg\" alt=\"\" width=\"400\" height=\"225\" srcset=\"https:\/\/www.nilipektekstil.com\/wp-content\/uploads\/2020\/08\/nilipek01-300x169.jpg 300w, https:\/\/www.nilipektekstil.com\/wp-content\/uploads\/2020\/08\/nilipek01-1024x576.jpg 1024w, https:\/\/www.nilipektekstil.com\/wp-content\/uploads\/2020\/08\/nilipek01-768x432.jpg 768w, https:\/\/www.nilipektekstil.com\/wp-content\/uploads\/2020\/08\/nilipek01.jpg 1200w\" sizes=\"(max-width: 400px) 100vw, 400px\" \/><\/p>\n\r\n\t\t\t<\/div>\r\n\t\t\t<style>@media screen and (max-width: 1023px) {.thegem-vc-text.thegem-custom-69e25b20d41501661{display: block!important;}}@media screen and (max-width: 767px) {.thegem-vc-text.thegem-custom-69e25b20d41501661{display: block!important;}}@media screen and (max-width: 1023px) {.thegem-vc-text.thegem-custom-69e25b20d41501661{position: relative !important;}}@media screen and (max-width: 767px) {.thegem-vc-text.thegem-custom-69e25b20d41501661{position: relative !important;}}<\/style>\r\n\t\t<\/div>\r\n\t\r\n<\/div><\/div><\/div><div class=\"wpb_column vc_column_container vc_col-sm-6 thegem-custom-69e25b20d43f63967\"><div class=\"vc_column-inner thegem-custom-inner-69e25b20d43f8\"><div class=\"wpb_wrapper thegem-custom-69e25b20d43f63967\"><h3 style=\"color: #ddc187;text-align: left;font-family:Oswald;font-weight:400;font-style:normal\" class=\"vc_custom_heading\" >Contact Form<\/h3><div role=\"form\" class=\"wpcf7\" id=\"wpcf7-f5-o1\" lang=\"tr-TR\" dir=\"ltr\">\n<div class=\"screen-reader-response\"><p role=\"status\" aria-live=\"polite\" aria-atomic=\"true\"><\/p> <ul><\/ul><\/div>\n<form action=\"\/en\/wp-json\/wp\/v2\/pages\/80#wpcf7-f5-o1\" method=\"post\" class=\"wpcf7-form init\" novalidate=\"novalidate\" data-status=\"init\" data-trp-original-action=\"\/en\/wp-json\/wp\/v2\/pages\/80#wpcf7-f5-o1\">\n<div style=\"display: none;\">\n<input type=\"hidden\" name=\"_wpcf7\" value=\"5\" \/>\n<input type=\"hidden\" name=\"_wpcf7_version\" value=\"5.4\" \/>\n<input type=\"hidden\" name=\"_wpcf7_locale\" value=\"tr_TR\" \/>\n<input type=\"hidden\" name=\"_wpcf7_unit_tag\" value=\"wpcf7-f5-o1\" \/>\n<input type=\"hidden\" name=\"_wpcf7_container_post\" value=\"0\" \/>\n<input type=\"hidden\" name=\"_wpcf7_posted_data_hash\" value=\"\" \/>\n<\/div>\n<label> Name *\n    <span class=\"wpcf7-form-control-wrap your-name\"><input type=\"text\" name=\"your-name\" value=\"\" size=\"40\" class=\"wpcf7-form-control wpcf7-text wpcf7-validates-as-required\" aria-required=\"true\" aria-invalid=\"false\" \/><\/span> <\/label>\n\n<label> E-mail *\n    <span class=\"wpcf7-form-control-wrap your-email\"><input type=\"email\" name=\"your-email\" value=\"\" size=\"40\" class=\"wpcf7-form-control wpcf7-text wpcf7-email wpcf7-validates-as-required wpcf7-validates-as-email\" aria-required=\"true\" aria-invalid=\"false\" \/><\/span> <\/label>\n\n<label> Subject\n    <span class=\"wpcf7-form-control-wrap your-subject\"><input type=\"text\" name=\"your-subject\" value=\"\" size=\"40\" class=\"wpcf7-form-control wpcf7-text\" aria-invalid=\"false\" \/><\/span> <\/label>\n\n<label> Message\n    <span class=\"wpcf7-form-control-wrap your-message\"><textarea name=\"your-message\" cols=\"40\" rows=\"10\" class=\"wpcf7-form-control wpcf7-textarea\" aria-invalid=\"false\"><\/textarea><\/span> <\/label>\n<span class=\"wpcf7-form-control-wrap quiz-474\"><label><span class=\"wpcf7-quiz-label\">T\u00fcrkiye&#039;nin ba\u015fkenti?<\/span> <input type=\"text\" name=\"quiz-474\" size=\"40\" class=\"wpcf7-form-control wpcf7-quiz\" autocomplete=\"off\" aria-required=\"true\" aria-invalid=\"false\" \/><\/label><input type=\"hidden\" name=\"_wpcf7_quiz_answer_quiz-474\" value=\"e1f63b5a60957cf12e975d014fa4f38b\" \/><\/span>\n\n<input type=\"submit\" value=\"Send\" class=\"wpcf7-form-control has-spinner wpcf7-submit\" \/><div class=\"wpcf7-response-output\" aria-hidden=\"true\"><\/div><input type=\"hidden\" name=\"trp-form-language\" value=\"en\"\/><\/form><\/div><\/div><\/div><\/div><\/div><\/div><\/div><\/div><\/div>\n<\/div>","protected":false},"excerpt":{"rendered":"","protected":false},"author":1,"featured_media":0,"parent":0,"menu_order":0,"comment_status":"closed","ping_status":"closed","template":"","meta":{"footnotes":""},"class_list":["post-80","page","type-page","status-publish"],"aioseo_notices":[],"_links":{"self":[{"href":"https:\/\/www.nilipektekstil.com\/en\/wp-json\/wp\/v2\/pages\/80","targetHints":{"allow":["GET"]}}],"collection":[{"href":"https:\/\/www.nilipektekstil.com\/en\/wp-json\/wp\/v2\/pages"}],"about":[{"href":"https:\/\/www.nilipektekstil.com\/en\/wp-json\/wp\/v2\/types\/page"}],"author":[{"embeddable":true,"href":"https:\/\/www.nilipektekstil.com\/en\/wp-json\/wp\/v2\/users\/1"}],"replies":[{"embeddable":true,"href":"https:\/\/www.nilipektekstil.com\/en\/wp-json\/wp\/v2\/comments?post=80"}],"version-history":[{"count":0,"href":"https:\/\/www.nilipektekstil.com\/en\/wp-json\/wp\/v2\/pages\/80\/revisions"}],"wp:attachment":[{"href":"https:\/\/www.nilipektekstil.com\/en\/wp-json\/wp\/v2\/media?parent=80"}],"curies":[{"name":"wp","href":"https:\/\/api.w.org\/{rel}","templated":true}]}}